{"id":9198,"date":"2023-05-15T18:00:17","date_gmt":"2023-05-15T18:00:17","guid":{"rendered":"https:\/\/vanmabeauty.ch\/agb\/"},"modified":"2025-07-29T17:35:12","modified_gmt":"2025-07-29T17:35:12","slug":"agb","status":"publish","type":"page","link":"https:\/\/vanmabeauty.ch\/pt\/agb\/","title":{"rendered":"Condi\u00e7\u00f5es"},"content":{"rendered":"<div data-elementor-type=\"wp-page\" data-elementor-id=\"9198\" class=\"elementor elementor-9198\" data-elementor-post-type=\"page\">\n\t\t\t\t\t\t<section class=\"elementor-section elementor-top-section elementor-element elementor-element-7162683 elementor-section-boxed elementor-section-height-default elementor-section-height-default\" data-id=\"7162683\" data-element_type=\"section\" data-e-type=\"section\">\n\t\t\t\t\t\t<div class=\"elementor-container elementor-column-gap-default\">\n\t\t\t\t\t<div class=\"elementor-column elementor-col-100 elementor-top-column elementor-element elementor-element-9a736ed\" data-id=\"9a736ed\" data-element_type=\"column\" data-e-type=\"column\">\n\t\t\t<div class=\"elementor-widget-wrap elementor-element-populated\">\n\t\t\t\t\t\t<div class=\"elementor-element elementor-element-71889a5 elementor-widget elementor-widget-heading\" data-id=\"71889a5\" data-element_type=\"widget\" data-e-type=\"widget\" data-widget_type=\"heading.default\">\n\t\t\t\t<div class=\"elementor-widget-container\">\n\t\t\t\t\t<h1 class=\"elementor-heading-title elementor-size-default\">TERMOS E CONDI\u00c7\u00d5ES GERAIS DE NEG\u00d3CIOS<\/h1>\t\t\t\t<\/div>\n\t\t\t\t<\/div>\n\t\t\t\t<div class=\"elementor-element elementor-element-8999731 elementor-widget elementor-widget-heading\" data-id=\"8999731\" data-element_type=\"widget\" data-e-type=\"widget\" data-widget_type=\"heading.default\">\n\t\t\t\t<div class=\"elementor-widget-container\">\n\t\t\t\t\t<h2 class=\"elementor-heading-title elementor-size-default\">1 Geral, escopo de aplica\u00e7\u00e3o:<\/h2>\t\t\t\t<\/div>\n\t\t\t\t<\/div>\n\t\t\t\t<div class=\"elementor-element elementor-element-de39038 elementor-widget elementor-widget-text-editor\" data-id=\"de39038\" data-element_type=\"widget\" data-e-type=\"widget\" data-widget_type=\"text-editor.default\">\n\t\t\t\t<div class=\"elementor-widget-container\">\n\t\t\t\t\t\t\t\t\tEstes Termos e Condi\u00e7\u00f5es Gerais (doravante denominados GTC) regem a rela\u00e7\u00e3o entre a VanMa Beauty GmbH (doravante denominada \"VanMa Beauty\") e o cliente.\nA rela\u00e7\u00e3o entre a VanMa Beauty GmbH (doravante denominada \"VanMa Beauty\") e o cliente.\nEstes termos e condi\u00e7\u00f5es se aplicam a todos os servi\u00e7os e \u00e0 venda de produtos que ocorrem entre n\u00f3s e o cliente.\nentre n\u00f3s e o cliente. Nossas ofertas est\u00e3o sujeitas a altera\u00e7\u00f5es e n\u00e3o s\u00e3o vinculativas.\nReservamo-nos o direito de fazer altera\u00e7\u00f5es provis\u00f3rias no tipo e escopo dos tratamentos e pre\u00e7os.\ne pre\u00e7os. Os tratamentos est\u00e3o dispon\u00edveis mediante solicita\u00e7\u00e3o e com hora marcada para todas as pessoas com capacidade legal e idade igual ou superior a\n18 anos de idade ou mais; para pessoas com menos de 18 anos, \u00e9 necess\u00e1rio o consentimento de seu representante legal.\nrepresentante legal. Fazemos recomenda\u00e7\u00f5es de tratamento; a decis\u00e3o sobre o tipo de tratamento \u00e9 do cliente.\nA decis\u00e3o sobre o tipo de tratamento \u00e9 tomada pelo cliente. Fornecemos nossos servi\u00e7os com o melhor de nosso conhecimento e\nconsci\u00eancia e de acordo com os padr\u00f5es mais recentes para o cliente. Se houver alguma altera\u00e7\u00e3o nos tratamentos\no cliente ser\u00e1 informado antes do in\u00edcio do tratamento.\t\t\t\t\t\t\t\t<\/div>\n\t\t\t\t<\/div>\n\t\t\t\t<div class=\"elementor-element elementor-element-cfb682d elementor-widget elementor-widget-heading\" data-id=\"cfb682d\" data-element_type=\"widget\" data-e-type=\"widget\" data-widget_type=\"heading.default\">\n\t\t\t\t<div class=\"elementor-widget-container\">\n\t\t\t\t\t<h2 class=\"elementor-heading-title elementor-size-default\">2. compromissos<\/h2>\t\t\t\t<\/div>\n\t\t\t\t<\/div>\n\t\t\t\t<div class=\"elementor-element elementor-element-2d1b17b elementor-widget elementor-widget-text-editor\" data-id=\"2d1b17b\" data-element_type=\"widget\" data-e-type=\"widget\" data-widget_type=\"text-editor.default\">\n\t\t\t\t<div class=\"elementor-widget-container\">\n\t\t\t\t\t\t\t\t\t<p>As reservas para consultas s\u00e3o obrigat\u00f3rias (verbalmente, por telefone, WhatsApp, e-mail ou por meio de reserva on-line).<\/p>\n<h5>Cancelamento ou adiamento de compromissos<\/h5>\n<p>Se o cliente precisar adiar ou cancelar uma consulta, dever\u00e1 ser notificado com pelo menos 24 horas de\nhoras de anteced\u00eancia, pois o tempo de tratamento est\u00e1 reservado para o cliente.\nOs cancelamentos ou adiamentos de consultas notificados com menos de 24 horas de anteced\u00eancia do tratamento ser\u00e3o cobrados no valor de 50%, a menos que o VanMa Beauty possa repor o tratamento.\nser\u00e1 cobrado o valor de 50%, a menos que o VanMa Beauty possa realocar o hor\u00e1rio gratuito.\nO VanMa Beauty n\u00e3o poder\u00e1 alocar o hor\u00e1rio livre em outro local. Os cancelamentos de consultas podem ser feitos pessoalmente, por telefone ou por escrito (WhatsApp ou e-mail).\n(WhatsApp ou e-mail).\n<\/p>\n\n<h5>Compromissos perdidos<\/h5>\n<p>Compromissos n\u00e3o justificados e perdidos ser\u00e3o cobrados em 100%.\n<\/p>\n\n<h5>Apari\u00e7\u00e3o tardia<\/h5>\n<p>A VanMa Beauty pede sua compreens\u00e3o para o fato de que um atraso por parte do cliente pode afetar a dura\u00e7\u00e3o do tratamento.\nO cliente deve entender que um atraso por parte do cliente pode afetar a dura\u00e7\u00e3o do tratamento se a dura\u00e7\u00e3o do tratamento tiver que ser conclu\u00edda no prazo devido a uma consulta subsequente.\nO tratamento deve ser conclu\u00eddo no prazo devido a um compromisso subsequente. Entretanto, o valor total do tratamento \u00e9\n\u00e9 devido.<\/p>\t\t\t\t\t\t\t\t<\/div>\n\t\t\t\t<\/div>\n\t\t\t\t<div class=\"elementor-element elementor-element-d07050b elementor-widget elementor-widget-heading\" data-id=\"d07050b\" data-element_type=\"widget\" data-e-type=\"widget\" data-widget_type=\"heading.default\">\n\t\t\t\t<div class=\"elementor-widget-container\">\n\t\t\t\t\t<h2 class=\"elementor-heading-title elementor-size-default\">3. pre\u00e7os e condi\u00e7\u00f5es de pagamento <\/h2>\t\t\t\t<\/div>\n\t\t\t\t<\/div>\n\t\t\t\t<div class=\"elementor-element elementor-element-81e827d elementor-widget elementor-widget-text-editor\" data-id=\"81e827d\" data-element_type=\"widget\" data-e-type=\"widget\" data-widget_type=\"text-editor.default\">\n\t\t\t\t<div class=\"elementor-widget-container\">\n\t\t\t\t\t\t\t\t\tOs pre\u00e7os est\u00e3o sujeitos a altera\u00e7\u00f5es sem aviso pr\u00e9vio. Salvo acordo em contr\u00e1rio, aplicam-se os pre\u00e7os v\u00e1lidos no momento da\ndo tratamento. Eles podem ser encontrados em nosso site. Todos os pre\u00e7os citados\n(tratamentos e produtos para venda) incluem IVA \u00e0 taxa legal.\nOs custos do tratamento e a compra de produtos devem ser pagos imediatamente ap\u00f3s a conclus\u00e3o do tratamento.\nimediatamente ap\u00f3s a conclus\u00e3o do tratamento. As assinaturas devem ser pagas ap\u00f3s a conclus\u00e3o do primeiro tratamento. Reembolsos\ndevido a ajustes de pre\u00e7o est\u00e3o exclu\u00eddos.\t\t\t\t\t\t\t\t<\/div>\n\t\t\t\t<\/div>\n\t\t\t\t<div class=\"elementor-element elementor-element-557af63 elementor-widget elementor-widget-heading\" data-id=\"557af63\" data-element_type=\"widget\" data-e-type=\"widget\" data-widget_type=\"heading.default\">\n\t\t\t\t<div class=\"elementor-widget-container\">\n\t\t\t\t\t<h2 class=\"elementor-heading-title elementor-size-default\">4. cupons <\/h2>\t\t\t\t<\/div>\n\t\t\t\t<\/div>\n\t\t\t\t<div class=\"elementor-element elementor-element-2466311 elementor-widget elementor-widget-text-editor\" data-id=\"2466311\" data-element_type=\"widget\" data-e-type=\"widget\" data-widget_type=\"text-editor.default\">\n\t\t\t\t<div class=\"elementor-widget-container\">\n\t\t\t\t\t\t\t\t\t<p>a) Todos os vouchers devem ser considerados como vouchers de valor, resgat\u00e1veis em todos os servi\u00e7os e produtos oferecidos. <\/p><p>b) Os vouchers s\u00e3o v\u00e1lidos por 24 meses a partir da data de emiss\u00e3o. N\u00e3o \u00e9 poss\u00edvel o pagamento do valor do voucher. <\/p><p>c) Os vouchers s\u00e3o totalmente transfer\u00edveis. Quando forem resgatados, eles se tornar\u00e3o nossa propriedade novamente.  Os vouchers perdidos ou roubados n\u00e3o ser\u00e3o substitu\u00eddos, mesmo que o recibo seja apresentado.<\/p>\t\t\t\t\t\t\t\t<\/div>\n\t\t\t\t<\/div>\n\t\t\t\t<div class=\"elementor-element elementor-element-ac45e0f elementor-widget elementor-widget-heading\" data-id=\"ac45e0f\" data-element_type=\"widget\" data-e-type=\"widget\" data-widget_type=\"heading.default\">\n\t\t\t\t<div class=\"elementor-widget-container\">\n\t\t\t\t\t<h2 class=\"elementor-heading-title elementor-size-default\">5 Reclama\u00e7\u00f5es e direito de devolu\u00e7\u00e3o <\/h2>\t\t\t\t<\/div>\n\t\t\t\t<\/div>\n\t\t\t\t<div class=\"elementor-element elementor-element-d62efa1 elementor-widget elementor-widget-text-editor\" data-id=\"d62efa1\" data-element_type=\"widget\" data-e-type=\"widget\" data-widget_type=\"text-editor.default\">\n\t\t\t\t<div class=\"elementor-widget-container\">\n\t\t\t\t\t\t\t\t\tAs reclama\u00e7\u00f5es podem ser relatadas at\u00e9 3 dias ap\u00f3s o tratamento. Isso deve ser feito por escrito ou pessoalmente.<br\/>\nOs produtos n\u00e3o ser\u00e3o aceitos de volta. Isso n\u00e3o se aplica a produtos que sejam clara e comprovadamente incompat\u00edveis ou que tenham uma fun\u00e7\u00e3o defeituosa.\t\t\t\t\t\t\t\t<\/div>\n\t\t\t\t<\/div>\n\t\t\t\t<div class=\"elementor-element elementor-element-a6303a6 elementor-widget elementor-widget-heading\" data-id=\"a6303a6\" data-element_type=\"widget\" data-e-type=\"widget\" data-widget_type=\"heading.default\">\n\t\t\t\t<div class=\"elementor-widget-container\">\n\t\t\t\t\t<h2 class=\"elementor-heading-title elementor-size-default\">6. manicure e pedicure com verniz de durabilidade, manicure e pedicure com verniz em gel <\/h2>\t\t\t\t<\/div>\n\t\t\t\t<\/div>\n\t\t\t\t<div class=\"elementor-element elementor-element-be5518c elementor-widget elementor-widget-text-editor\" data-id=\"be5518c\" data-element_type=\"widget\" data-e-type=\"widget\" data-widget_type=\"text-editor.default\">\n\t\t\t\t<div class=\"elementor-widget-container\">\n\t\t\t\t\t\t\t\t\tO cliente deve ter em mente que v\u00e1rios fatores externos podem influenciar a durabilidade.\ndurabilidade. Por esse motivo, nenhuma garantia pode ser dada quanto \u00e0 durabilidade da laca e do polimento em gel.\npode ser dada. Os fatores s\u00e3o, por exemplo: \u00c1gua, lavar muito as m\u00e3os, agentes de limpeza,\nprodutos qu\u00edmicos, trabalho dom\u00e9stico. Nadar em um banho de cloro\/mar, areia, etc. tamb\u00e9m pode ter uma durabilidade negativa.\ndurabilidade. \t\t\t\t\t\t\t\t<\/div>\n\t\t\t\t<\/div>\n\t\t\t\t<div class=\"elementor-element elementor-element-e99ace3 elementor-widget elementor-widget-heading\" data-id=\"e99ace3\" data-element_type=\"widget\" data-e-type=\"widget\" data-widget_type=\"heading.default\">\n\t\t\t\t<div class=\"elementor-widget-container\">\n\t\t\t\t\t<h2 class=\"elementor-heading-title elementor-size-default\">7. prote\u00e7\u00e3o de dados <\/h2>\t\t\t\t<\/div>\n\t\t\t\t<\/div>\n\t\t\t\t<div class=\"elementor-element elementor-element-c7f8875 elementor-widget elementor-widget-text-editor\" data-id=\"c7f8875\" data-element_type=\"widget\" data-e-type=\"widget\" data-widget_type=\"text-editor.default\">\n\t\t\t\t<div class=\"elementor-widget-container\">\n\t\t\t\t\t\t\t\t\t<p>A prote\u00e7\u00e3o de sua privacidade \u00e9 de extrema import\u00e2ncia para n\u00f3s. N\u00f3s aderimos \u00e0s\ndisposi\u00e7\u00f5es legais sobre prote\u00e7\u00e3o de dados, em especial a Lei de Prote\u00e7\u00e3o de Dados da Su\u00ed\u00e7a (DSG).\nLei de Prote\u00e7\u00e3o de Dados (DSG).<p\/>\n\n<p>Como cliente, voc\u00ea tem a op\u00e7\u00e3o de, a qualquer momento, solicitar informa\u00e7\u00f5es sobre os dados armazenados sobre sua organiza\u00e7\u00e3o, empresa\norganiza\u00e7\u00e3o, empresa ou pessoa (escopo, finalidade) ou solicitar sua exclus\u00e3o.\nsolicitar sua exclus\u00e3o. Seus dados n\u00e3o ser\u00e3o repassados a terceiros.\n<p\/>\t\t\t\t\t\t\t\t<\/div>\n\t\t\t\t<\/div>\n\t\t\t\t<div class=\"elementor-element elementor-element-f267663 elementor-widget elementor-widget-heading\" data-id=\"f267663\" data-element_type=\"widget\" data-e-type=\"widget\" data-widget_type=\"heading.default\">\n\t\t\t\t<div class=\"elementor-widget-container\">\n\t\t\t\t\t<h2 class=\"elementor-heading-title elementor-size-default\">8. disposi\u00e7\u00f5es finais <\/h2>\t\t\t\t<\/div>\n\t\t\t\t<\/div>\n\t\t\t\t<div class=\"elementor-element elementor-element-768ca2a elementor-widget elementor-widget-text-editor\" data-id=\"768ca2a\" data-element_type=\"widget\" data-e-type=\"widget\" data-widget_type=\"text-editor.default\">\n\t\t\t\t<div class=\"elementor-widget-container\">\n\t\t\t\t\t\t\t\t\t<p>8.1 A VanMa Beauty GmbH se reserva o direito de alterar unilateralmente estes TCG.<\/p><p>8.2 O texto, as imagens e os gr\u00e1ficos, bem como sua disposi\u00e7\u00e3o neste site, s\u00e3o protegidos por direitos autorais e outras leis de prote\u00e7\u00e3o. O conte\u00fado deste site n\u00e3o pode ser copiado, distribu\u00eddo, modificado ou disponibilizado a terceiros para fins comerciais.  O site tamb\u00e9m cont\u00e9m imagens que est\u00e3o sujeitas a direitos autorais de terceiros. <\/p><p>8.3 Este site foi compilado com o maior cuidado poss\u00edvel. No entanto, n\u00e3o podemos garantir a exatid\u00e3o e a precis\u00e3o das informa\u00e7\u00f5es nele contidas. Voc\u00ea exclui qualquer responsabilidade por danos decorrentes direta ou indiretamente do uso deste site.<\/p>\t\t\t\t\t\t\t\t<\/div>\n\t\t\t\t<\/div>\n\t\t\t\t<div class=\"elementor-element elementor-element-58e3796 elementor-widget elementor-widget-heading\" data-id=\"58e3796\" data-element_type=\"widget\" data-e-type=\"widget\" data-widget_type=\"heading.default\">\n\t\t\t\t<div class=\"elementor-widget-container\">\n\t\t\t\t\t<h2 class=\"elementor-heading-title elementor-size-default\">9. Cl\u00e1usula de divisibilidade <\/h2>\t\t\t\t<\/div>\n\t\t\t\t<\/div>\n\t\t\t\t<div class=\"elementor-element elementor-element-cb23e4f elementor-widget elementor-widget-text-editor\" data-id=\"cb23e4f\" data-element_type=\"widget\" data-e-type=\"widget\" data-widget_type=\"text-editor.default\">\n\t\t\t\t<div class=\"elementor-widget-container\">\n\t\t\t\t\t\t\t\t\tSe disposi\u00e7\u00f5es individuais destes TCG forem inv\u00e1lidas no todo ou em parte, a validade das disposi\u00e7\u00f5es restantes n\u00e3o ser\u00e1 afetada.\nvalidade das demais disposi\u00e7\u00f5es n\u00e3o ser\u00e1 afetada. No lugar das disposi\u00e7\u00f5es inv\u00e1lidas\nas respectivas disposi\u00e7\u00f5es estatut\u00e1rias entrar\u00e3o em vigor. \t\t\t\t\t\t\t\t<\/div>\n\t\t\t\t<\/div>\n\t\t\t\t<div class=\"elementor-element elementor-element-18fe292 elementor-widget elementor-widget-heading\" data-id=\"18fe292\" data-element_type=\"widget\" data-e-type=\"widget\" data-widget_type=\"heading.default\">\n\t\t\t\t<div class=\"elementor-widget-container\">\n\t\t\t\t\t<h2 class=\"elementor-heading-title elementor-size-default\">10. local de jurisdi\u00e7\u00e3o <\/h2>\t\t\t\t<\/div>\n\t\t\t\t<\/div>\n\t\t\t\t<div class=\"elementor-element elementor-element-ceb7799 elementor-widget elementor-widget-text-editor\" data-id=\"ceb7799\" data-element_type=\"widget\" data-e-type=\"widget\" data-widget_type=\"text-editor.default\">\n\t\t\t\t<div class=\"elementor-widget-container\">\n\t\t\t\t\t\t\t\t\t<p>Todas as obriga\u00e7\u00f5es decorrentes da rela\u00e7\u00e3o contratual est\u00e3o sujeitas \u00e0 lei su\u00ed\u00e7a. <\/p><p>O local de jurisdi\u00e7\u00e3o para todas as disputas legais decorrentes da rela\u00e7\u00e3o contratual e sua cria\u00e7\u00e3o e efic\u00e1cia ser\u00e1 Kilchberg ZH, a sede registrada da VanMa Beauty GmbH.<\/p><p>O local de jurisdi\u00e7\u00e3o para quaisquer disputas legais decorrentes de todas as rela\u00e7\u00f5es contratuais, bem como sua origem e validade, ser\u00e1 Kilchberg ZH, a sede registrada da VanMa Beauty GmbH. <\/p><p>Status dos termos e condi\u00e7\u00f5es gerais: 01.07.2025<\/p>\t\t\t\t\t\t\t\t<\/div>\n\t\t\t\t<\/div>\n\t\t\t\t\t<\/div>\n\t\t<\/div>\n\t\t\t\t\t<\/div>\n\t\t<\/section>\n\t\t\t\t<\/div>","protected":false},"excerpt":{"rendered":"<p>ALLGEMEINE GESCH\u00c4FTSBEDINGUNGEN 1. Allgemeines, Geltungsbereich: Die vorliegenden allgemeinen Gesch\u00e4ftsbedingungen (nachfolgend AGB genannt) regeln das Verh\u00e4ltnis zwischen der VanMa Beauty GmbH (nachfolgend \u00abVanMa Beauty\u00bb) und den Kunden. Diese Bedingungen betreffen alle Dienstleistungen und den Verkauf von Produkten, die zwischen uns und dem Kunden zustande kommen. Unsere Angebote sind freibleibend und unverbindlich. Wir behalten zwischenzeitliche \u00c4nderungen in [&hellip;]<\/p>\n","protected":false},"author":7,"featured_media":0,"parent":0,"menu_order":0,"comment_status":"closed","ping_status":"closed","template":"elementor_header_footer","meta":{"footnotes":""},"class_list":["post-9198","page","type-page","status-publish","hentry"],"_links":{"self":[{"href":"https:\/\/vanmabeauty.ch\/pt\/wp-json\/wp\/v2\/pages\/9198","targetHints":{"allow":["GET"]}}],"collection":[{"href":"https:\/\/vanmabeauty.ch\/pt\/wp-json\/wp\/v2\/pages"}],"about":[{"href":"https:\/\/vanmabeauty.ch\/pt\/wp-json\/wp\/v2\/types\/page"}],"author":[{"embeddable":true,"href":"https:\/\/vanmabeauty.ch\/pt\/wp-json\/wp\/v2\/users\/7"}],"replies":[{"embeddable":true,"href":"https:\/\/vanmabeauty.ch\/pt\/wp-json\/wp\/v2\/comments?post=9198"}],"version-history":[{"count":4,"href":"https:\/\/vanmabeauty.ch\/pt\/wp-json\/wp\/v2\/pages\/9198\/revisions"}],"predecessor-version":[{"id":11356,"href":"https:\/\/vanmabeauty.ch\/pt\/wp-json\/wp\/v2\/pages\/9198\/revisions\/11356"}],"wp:attachment":[{"href":"https:\/\/vanmabeauty.ch\/pt\/wp-json\/wp\/v2\/media?parent=9198"}],"curies":[{"name":"wp","href":"https:\/\/api.w.org\/{rel}","templated":true}]}}