{"id":5144,"date":"2022-12-08T14:59:49","date_gmt":"2022-12-08T14:59:49","guid":{"rendered":"https:\/\/vanmabeauty.ch\/?page_id=5144"},"modified":"2024-10-17T17:04:30","modified_gmt":"2024-10-17T17:04:30","slug":"cuidados-hidratantes-para-o-rosto","status":"publish","type":"page","link":"https:\/\/vanmabeauty.ch\/pt\/tratamentos-faciais\/cuidados-hidratantes-para-o-rosto\/","title":{"rendered":"Tratamento hidratante para o rosto"},"content":{"rendered":"<div data-elementor-type=\"wp-page\" data-elementor-id=\"5144\" class=\"elementor elementor-5144\" data-elementor-post-type=\"page\">\n\t\t\t\t\t\t<section class=\"elementor-section elementor-top-section elementor-element elementor-element-73eb256f elementor-section-height-min-height elementor-section-boxed elementor-section-height-default elementor-section-items-middle\" data-id=\"73eb256f\" data-element_type=\"section\" data-e-type=\"section\" data-settings=\"{&quot;background_background&quot;:&quot;classic&quot;}\">\n\t\t\t\t\t\t\t<div class=\"elementor-background-overlay\"><\/div>\n\t\t\t\t\t\t\t<div class=\"elementor-container elementor-column-gap-default\">\n\t\t\t\t\t<div class=\"elementor-column elementor-col-100 elementor-top-column elementor-element elementor-element-36519b3f\" data-id=\"36519b3f\" data-element_type=\"column\" data-e-type=\"column\">\n\t\t\t<div class=\"elementor-widget-wrap elementor-element-populated\">\n\t\t\t\t\t\t<div class=\"elementor-element elementor-element-47b52cc3 elementor-align-center elementor-widget elementor-widget-breadcrumbs\" data-id=\"47b52cc3\" data-element_type=\"widget\" data-e-type=\"widget\" data-widget_type=\"breadcrumbs.default\">\n\t\t\t\t<div class=\"elementor-widget-container\">\n\t\t\t\t\t<nav aria-label=\"Migalhas de p\u00e3o\" class=\"rank-math-breadcrumb\"><p><span class=\"last\">Pagina inicial<\/span><\/p><\/nav>\t\t\t\t<\/div>\n\t\t\t\t<\/div>\n\t\t\t\t\t<\/div>\n\t\t<\/div>\n\t\t\t\t\t<\/div>\n\t\t<\/section>\n\t\t\t\t<section class=\"elementor-section elementor-top-section elementor-element elementor-element-5f82aeeb elementor-section-boxed elementor-section-height-default elementor-section-height-default\" data-id=\"5f82aeeb\" data-element_type=\"section\" data-e-type=\"section\">\n\t\t\t\t\t\t<div class=\"elementor-container elementor-column-gap-default\">\n\t\t\t\t\t<div class=\"elementor-column elementor-col-100 elementor-top-column elementor-element elementor-element-75c5448b\" data-id=\"75c5448b\" data-element_type=\"column\" data-e-type=\"column\">\n\t\t\t<div class=\"elementor-widget-wrap elementor-element-populated\">\n\t\t\t\t\t\t<div class=\"elementor-element elementor-element-6d6cbb38 elementor-invisible elementor-widget elementor-widget-text-editor\" data-id=\"6d6cbb38\" data-element_type=\"widget\" data-e-type=\"widget\" data-settings=\"{&quot;_animation&quot;:&quot;fadeIn&quot;}\" data-widget_type=\"text-editor.default\">\n\t\t\t\t<div class=\"elementor-widget-container\">\n\t\t\t\t\t\t\t\t\tTratamentos faciais\t\t\t\t\t\t\t\t<\/div>\n\t\t\t\t<\/div>\n\t\t\t\t<div class=\"elementor-element elementor-element-3d2ce2ef elementor-invisible elementor-widget elementor-widget-heading\" data-id=\"3d2ce2ef\" data-element_type=\"widget\" data-e-type=\"widget\" data-settings=\"{&quot;_animation&quot;:&quot;fadeIn&quot;,&quot;_animation_delay&quot;:200}\" data-widget_type=\"heading.default\">\n\t\t\t\t<div class=\"elementor-widget-container\">\n\t\t\t\t\t<h2 class=\"elementor-heading-title elementor-size-default\">Tratamento hidratante para o rosto<\/h2>\t\t\t\t<\/div>\n\t\t\t\t<\/div>\n\t\t\t\t<div class=\"elementor-element elementor-element-2a86a1f elementor-widget elementor-widget-text-editor\" data-id=\"2a86a1f\" data-element_type=\"widget\" data-e-type=\"widget\" data-widget_type=\"text-editor.default\">\n\t\t\t\t<div class=\"elementor-widget-container\">\n\t\t\t\t\t\t\t\t\tUma pele radiante sem ressecamento. \t\t\t\t\t\t\t\t<\/div>\n\t\t\t\t<\/div>\n\t\t\t\t\t<\/div>\n\t\t<\/div>\n\t\t\t\t\t<\/div>\n\t\t<\/section>\n\t\t\t\t<section class=\"elementor-section elementor-top-section elementor-element elementor-element-1ba88175 elementor-section-boxed elementor-section-height-default elementor-section-height-default\" data-id=\"1ba88175\" data-element_type=\"section\" data-e-type=\"section\">\n\t\t\t\t\t\t<div class=\"elementor-container elementor-column-gap-default\">\n\t\t\t\t\t<div class=\"elementor-column elementor-col-100 elementor-top-column elementor-element elementor-element-786ccc76\" data-id=\"786ccc76\" data-element_type=\"column\" data-e-type=\"column\">\n\t\t\t<div class=\"elementor-widget-wrap elementor-element-populated\">\n\t\t\t\t\t\t<section class=\"elementor-section elementor-inner-section elementor-element elementor-element-325bb576 elementor-reverse-mobile elementor-section-boxed elementor-section-height-default elementor-section-height-default\" data-id=\"325bb576\" data-element_type=\"section\" data-e-type=\"section\" data-settings=\"{&quot;background_background&quot;:&quot;classic&quot;}\">\n\t\t\t\t\t\t<div class=\"elementor-container elementor-column-gap-default\">\n\t\t\t\t\t<div class=\"elementor-column elementor-col-50 elementor-inner-column elementor-element elementor-element-4ae435c9\" data-id=\"4ae435c9\" data-element_type=\"column\" data-e-type=\"column\" data-settings=\"{&quot;background_background&quot;:&quot;classic&quot;}\">\n\t\t\t<div class=\"elementor-widget-wrap elementor-element-populated\">\n\t\t\t\t\t<div class=\"elementor-background-overlay\"><\/div>\n\t\t\t\t\t\t<div class=\"elementor-element elementor-element-23c971ef elementor-widget elementor-widget-heading\" data-id=\"23c971ef\" data-element_type=\"widget\" data-e-type=\"widget\" data-widget_type=\"heading.default\">\n\t\t\t\t<div class=\"elementor-widget-container\">\n\t\t\t\t\t<h3 class=\"elementor-heading-title elementor-size-default\">Informa\u00e7\u00f5es do tratamento<\/h3>\t\t\t\t<\/div>\n\t\t\t\t<\/div>\n\t\t\t\t<section class=\"elementor-section elementor-inner-section elementor-element elementor-element-32679e6a elementor-section-boxed elementor-section-height-default elementor-section-height-default\" data-id=\"32679e6a\" data-element_type=\"section\" data-e-type=\"section\">\n\t\t\t\t\t\t<div class=\"elementor-container elementor-column-gap-no\">\n\t\t\t\t\t<div class=\"elementor-column elementor-col-100 elementor-inner-column elementor-element elementor-element-77214326\" data-id=\"77214326\" data-element_type=\"column\" data-e-type=\"column\">\n\t\t\t<div class=\"elementor-widget-wrap elementor-element-populated\">\n\t\t\t\t\t\t<div class=\"elementor-element elementor-element-2ec2f054 elementor-widget elementor-widget-text-editor\" data-id=\"2ec2f054\" data-element_type=\"widget\" data-e-type=\"widget\" data-widget_type=\"text-editor.default\">\n\t\t\t\t<div class=\"elementor-widget-container\">\n\t\t\t\t\t\t\t\t\t<p>A hidrata\u00e7\u00e3o facial \u00e9 um procedimento est\u00e9tico no qual utilizamos meios que tenham efeito hidratante, para que a pele fique sedosa, brilhante e n\u00e3o ressecada.<\/p><p>Uma das etapas mais importantes no cuidado com a pele \u00e9 a hidrata\u00e7\u00e3o do rosto, que tem a fun\u00e7\u00e3o de armazenar \u00e1gua, manter e restaurar a fun\u00e7\u00e3o protetora da pele e proteg\u00ea-la de fatores nocivos.<\/p><p>A desidrata\u00e7\u00e3o torna a pele mais vulner\u00e1vel a influ\u00eancias externas, como raios solares, frio e polui\u00e7\u00e3o. Quando a hidrata\u00e7\u00e3o \u00e9 adequada, sua pele ganha melhor textura, mais vitalidade e uma tez saud\u00e1vel e radiante.<\/p>\t\t\t\t\t\t\t\t<\/div>\n\t\t\t\t<\/div>\n\t\t\t\t\t<\/div>\n\t\t<\/div>\n\t\t\t\t\t<\/div>\n\t\t<\/section>\n\t\t\t\t<section class=\"elementor-section elementor-inner-section elementor-element elementor-element-32b388b8 elementor-section-boxed elementor-section-height-default elementor-section-height-default\" data-id=\"32b388b8\" data-element_type=\"section\" data-e-type=\"section\">\n\t\t\t\t\t\t<div class=\"elementor-container elementor-column-gap-no\">\n\t\t\t\t\t<div class=\"elementor-column elementor-col-100 elementor-inner-column elementor-element elementor-element-68cb58a2\" data-id=\"68cb58a2\" data-element_type=\"column\" data-e-type=\"column\">\n\t\t\t<div class=\"elementor-widget-wrap elementor-element-populated\">\n\t\t\t\t\t\t<div class=\"elementor-element elementor-element-4b64a447 elementor-align-left elementor-mobile-align-center elementor-widget elementor-widget-button\" data-id=\"4b64a447\" data-element_type=\"widget\" data-e-type=\"widget\" data-widget_type=\"button.default\">\n\t\t\t\t<div class=\"elementor-widget-container\">\n\t\t\t\t\t\t\t\t\t<div class=\"elementor-button-wrapper\">\n\t\t\t\t\t<a class=\"elementor-button elementor-button-link elementor-size-sm elementor-animation-float\" href=\"https:\/\/buchung.treatwell.ch\/ort\/vanma-beauty-zuerich\/\" target=\"_blank\" rel=\"noopener\">\n\t\t\t\t\t\t<span class=\"elementor-button-content-wrapper\">\n\t\t\t\t\t\t\t\t\t<span class=\"elementor-button-text\">Marcar minha consulta<\/span>\n\t\t\t\t\t<\/span>\n\t\t\t\t\t<\/a>\n\t\t\t\t<\/div>\n\t\t\t\t\t\t\t\t<\/div>\n\t\t\t\t<\/div>\n\t\t\t\t\t<\/div>\n\t\t<\/div>\n\t\t\t\t\t<\/div>\n\t\t<\/section>\n\t\t\t\t\t<\/div>\n\t\t<\/div>\n\t\t\t\t<div class=\"elementor-column elementor-col-50 elementor-inner-column elementor-element elementor-element-4535aa9d\" data-id=\"4535aa9d\" data-element_type=\"column\" data-e-type=\"column\" data-settings=\"{&quot;background_background&quot;:&quot;classic&quot;}\">\n\t\t\t<div class=\"elementor-widget-wrap elementor-element-populated\">\n\t\t\t\t\t\t<div class=\"elementor-element elementor-element-44fae200 elementor-widget elementor-widget-spacer\" data-id=\"44fae200\" data-element_type=\"widget\" data-e-type=\"widget\" data-widget_type=\"spacer.default\">\n\t\t\t\t<div class=\"elementor-widget-container\">\n\t\t\t\t\t\t\t<div class=\"elementor-spacer\">\n\t\t\t<div class=\"elementor-spacer-inner\"><\/div>\n\t\t<\/div>\n\t\t\t\t\t\t<\/div>\n\t\t\t\t<\/div>\n\t\t\t\t\t<\/div>\n\t\t<\/div>\n\t\t\t\t\t<\/div>\n\t\t<\/section>\n\t\t\t\t\t<\/div>\n\t\t<\/div>\n\t\t\t\t\t<\/div>\n\t\t<\/section>\n\t\t\t\t<section class=\"elementor-section elementor-top-section elementor-element elementor-element-49f69d3d elementor-section-boxed elementor-section-height-default elementor-section-height-default\" data-id=\"49f69d3d\" data-element_type=\"section\" data-e-type=\"section\" data-settings=\"{&quot;background_background&quot;:&quot;classic&quot;}\">\n\t\t\t\t\t\t<div class=\"elementor-container elementor-column-gap-default\">\n\t\t\t\t\t<div class=\"elementor-column elementor-col-100 elementor-top-column elementor-element elementor-element-7f30992b\" data-id=\"7f30992b\" data-element_type=\"column\" data-e-type=\"column\" data-settings=\"{&quot;background_background&quot;:&quot;classic&quot;}\">\n\t\t\t<div class=\"elementor-widget-wrap elementor-element-populated\">\n\t\t\t\t\t<div class=\"elementor-background-overlay\"><\/div>\n\t\t\t\t\t\t<section class=\"elementor-section elementor-inner-section elementor-element elementor-element-3ad6cafe elementor-section-boxed elementor-section-height-default elementor-section-height-default\" data-id=\"3ad6cafe\" data-element_type=\"section\" data-e-type=\"section\">\n\t\t\t\t\t\t<div class=\"elementor-container elementor-column-gap-default\">\n\t\t\t\t\t<div class=\"elementor-column elementor-col-50 elementor-inner-column elementor-element elementor-element-6f4f51fe\" data-id=\"6f4f51fe\" data-element_type=\"column\" data-e-type=\"column\">\n\t\t\t<div class=\"elementor-widget-wrap elementor-element-populated\">\n\t\t\t\t\t\t<div class=\"elementor-element elementor-element-c0afef1 elementor-invisible elementor-widget elementor-widget-text-editor\" data-id=\"c0afef1\" data-element_type=\"widget\" data-e-type=\"widget\" data-settings=\"{&quot;_animation&quot;:&quot;fadeIn&quot;}\" data-widget_type=\"text-editor.default\">\n\t\t\t\t<div class=\"elementor-widget-container\">\n\t\t\t\t\t\t\t\t\tOutros servi\u00e7os\t\t\t\t\t\t\t\t<\/div>\n\t\t\t\t<\/div>\n\t\t\t\t<div class=\"elementor-element elementor-element-7c0ca4f4 elementor-invisible elementor-widget elementor-widget-heading\" data-id=\"7c0ca4f4\" data-element_type=\"widget\" data-e-type=\"widget\" data-settings=\"{&quot;_animation&quot;:&quot;fadeIn&quot;,&quot;_animation_delay&quot;:200}\" data-widget_type=\"heading.default\">\n\t\t\t\t<div class=\"elementor-widget-container\">\n\t\t\t\t\t<h2 class=\"elementor-heading-title elementor-size-default\">N\u00e3o \u00e9 isso que voc\u00ea est\u00e1 procurando?<\/h2>\t\t\t\t<\/div>\n\t\t\t\t<\/div>\n\t\t\t\t\t<\/div>\n\t\t<\/div>\n\t\t\t\t<div class=\"elementor-column elementor-col-50 elementor-inner-column elementor-element elementor-element-44d5b9d0\" data-id=\"44d5b9d0\" data-element_type=\"column\" data-e-type=\"column\">\n\t\t\t<div class=\"elementor-widget-wrap elementor-element-populated\">\n\t\t\t\t\t\t<div class=\"elementor-element elementor-element-d9ef952 elementor-align-center elementor-mobile-align-center elementor-widget elementor-widget-button\" data-id=\"d9ef952\" data-element_type=\"widget\" data-e-type=\"widget\" data-widget_type=\"button.default\">\n\t\t\t\t<div class=\"elementor-widget-container\">\n\t\t\t\t\t\t\t\t\t<div class=\"elementor-button-wrapper\">\n\t\t\t\t\t<a class=\"elementor-button elementor-button-link elementor-size-sm elementor-animation-float\" href=\"https:\/\/vanmabeauty.ch\/pt\/tratamentos-faciais\/\">\n\t\t\t\t\t\t<span class=\"elementor-button-content-wrapper\">\n\t\t\t\t\t\t\t\t\t<span class=\"elementor-button-text\">Conhe\u00e7a nossos outros tratamentos faciais<\/span>\n\t\t\t\t\t<\/span>\n\t\t\t\t\t<\/a>\n\t\t\t\t<\/div>\n\t\t\t\t\t\t\t\t<\/div>\n\t\t\t\t<\/div>\n\t\t\t\t\t<\/div>\n\t\t<\/div>\n\t\t\t\t\t<\/div>\n\t\t<\/section>\n\t\t\t\t\t<\/div>\n\t\t<\/div>\n\t\t\t\t\t<\/div>\n\t\t<\/section>\n\t\t\t\t<\/div>","protected":false},"excerpt":{"rendered":"<p>Startseite Gesichtsbehandlungen Feuchtigkeitspflege f\u00fcr das Gesicht Eine strahlende Haut, ohne Trockenheit. Informationen zur Behandlung Die Gesichtsbefeuchtung ist ein \u00e4sthetisches Verfahren, bei dem wir Mittel verwenden, die eine feuchtigkeitsspendende Wirkung haben, damit die Haut seidig, gl\u00e4nzend und nicht trocken ist. Einer der wichtigsten Schritte in der Hautpflege ist die Feuchtigkeitszufuhr f\u00fcr das Gesicht, welche die Aufgabe [&hellip;]<\/p>\n","protected":false},"author":7,"featured_media":0,"parent":8122,"menu_order":0,"comment_status":"closed","ping_status":"closed","template":"elementor_header_footer","meta":{"footnotes":""},"class_list":["post-5144","page","type-page","status-publish","hentry"],"_links":{"self":[{"href":"https:\/\/vanmabeauty.ch\/pt\/wp-json\/wp\/v2\/pages\/5144","targetHints":{"allow":["GET"]}}],"collection":[{"href":"https:\/\/vanmabeauty.ch\/pt\/wp-json\/wp\/v2\/pages"}],"about":[{"href":"https:\/\/vanmabeauty.ch\/pt\/wp-json\/wp\/v2\/types\/page"}],"author":[{"embeddable":true,"href":"https:\/\/vanmabeauty.ch\/pt\/wp-json\/wp\/v2\/users\/7"}],"replies":[{"embeddable":true,"href":"https:\/\/vanmabeauty.ch\/pt\/wp-json\/wp\/v2\/comments?post=5144"}],"version-history":[{"count":87,"href":"https:\/\/vanmabeauty.ch\/pt\/wp-json\/wp\/v2\/pages\/5144\/revisions"}],"predecessor-version":[{"id":10720,"href":"https:\/\/vanmabeauty.ch\/pt\/wp-json\/wp\/v2\/pages\/5144\/revisions\/10720"}],"up":[{"embeddable":true,"href":"https:\/\/vanmabeauty.ch\/pt\/wp-json\/wp\/v2\/pages\/8122"}],"wp:attachment":[{"href":"https:\/\/vanmabeauty.ch\/pt\/wp-json\/wp\/v2\/media?parent=5144"}],"curies":[{"name":"wp","href":"https:\/\/api.w.org\/{rel}","templated":true}]}}