{"id":11002,"date":"2024-12-20T15:11:50","date_gmt":"2024-12-20T15:11:50","guid":{"rendered":"https:\/\/vanmabeauty.ch\/cancel-appointment\/"},"modified":"-0001-11-30T00:00:00","modified_gmt":"-0001-11-30T00:00:00","slug":"cancelar-compromisso","status":"publish","type":"page","link":"https:\/\/vanmabeauty.ch\/pt\/cancelar-compromisso\/","title":{"rendered":"Compromisso cancelado"},"content":{"rendered":"<div class=\"bpa-front-cancel-module-container\">\n<div class=\"bpa-front-cmc__title\">Lamentamos saber que voc\u00ea solicitou o cancelamento de sua consulta.<\/div>\n<div class=\"bpa-front-cmc__desc\">Enviamos a voc\u00ea uma notifica\u00e7\u00e3o por e-mail para cancelar seu compromisso. Clique no bot\u00e3o para cancelar o agendamento.<\/div>\n<\/p><\/div>","protected":false},"excerpt":{"rendered":"<p>Lamentamos saber que voc\u00ea solicitou o cancelamento de sua consulta. Enviamos uma notifica\u00e7\u00e3o por e-mail sobre o cancelamento do agendamento. Clique no bot\u00e3o para cancelar o agendamento.<\/p>","protected":false},"author":7,"featured_media":0,"parent":0,"menu_order":0,"comment_status":"open","ping_status":"open","template":"","meta":{"footnotes":""},"class_list":["post-11002","page","type-page","status-publish","hentry"],"_links":{"self":[{"href":"https:\/\/vanmabeauty.ch\/pt\/wp-json\/wp\/v2\/pages\/11002","targetHints":{"allow":["GET"]}}],"collection":[{"href":"https:\/\/vanmabeauty.ch\/pt\/wp-json\/wp\/v2\/pages"}],"about":[{"href":"https:\/\/vanmabeauty.ch\/pt\/wp-json\/wp\/v2\/types\/page"}],"author":[{"embeddable":true,"href":"https:\/\/vanmabeauty.ch\/pt\/wp-json\/wp\/v2\/users\/7"}],"replies":[{"embeddable":true,"href":"https:\/\/vanmabeauty.ch\/pt\/wp-json\/wp\/v2\/comments?post=11002"}],"version-history":[{"count":0,"href":"https:\/\/vanmabeauty.ch\/pt\/wp-json\/wp\/v2\/pages\/11002\/revisions"}],"wp:attachment":[{"href":"https:\/\/vanmabeauty.ch\/pt\/wp-json\/wp\/v2\/media?parent=11002"}],"curies":[{"name":"wp","href":"https:\/\/api.w.org\/{rel}","templated":true}]}}