{"id":9198,"date":"2023-05-15T18:00:17","date_gmt":"2023-05-15T18:00:17","guid":{"rendered":"https:\/\/vanmabeauty.ch\/agb\/"},"modified":"2025-07-29T17:35:12","modified_gmt":"2025-07-29T17:35:12","slug":"agb","status":"publish","type":"page","link":"https:\/\/vanmabeauty.ch\/en\/agb\/","title":{"rendered":"Conditions"},"content":{"rendered":"<div data-elementor-type=\"wp-page\" data-elementor-id=\"9198\" class=\"elementor elementor-9198\" data-elementor-post-type=\"page\">\n\t\t\t\t\t\t<section class=\"elementor-section elementor-top-section elementor-element elementor-element-7162683 elementor-section-boxed elementor-section-height-default elementor-section-height-default\" data-id=\"7162683\" data-element_type=\"section\" data-e-type=\"section\">\n\t\t\t\t\t\t<div class=\"elementor-container elementor-column-gap-default\">\n\t\t\t\t\t<div class=\"elementor-column elementor-col-100 elementor-top-column elementor-element elementor-element-9a736ed\" data-id=\"9a736ed\" data-element_type=\"column\" data-e-type=\"column\">\n\t\t\t<div class=\"elementor-widget-wrap elementor-element-populated\">\n\t\t\t\t\t\t<div class=\"elementor-element elementor-element-71889a5 elementor-widget elementor-widget-heading\" data-id=\"71889a5\" data-element_type=\"widget\" data-e-type=\"widget\" data-widget_type=\"heading.default\">\n\t\t\t\t<div class=\"elementor-widget-container\">\n\t\t\t\t\t<h1 class=\"elementor-heading-title elementor-size-default\">GENERAL TERMS AND CONDITIONS OF BUSINESS<\/h1>\t\t\t\t<\/div>\n\t\t\t\t<\/div>\n\t\t\t\t<div class=\"elementor-element elementor-element-8999731 elementor-widget elementor-widget-heading\" data-id=\"8999731\" data-element_type=\"widget\" data-e-type=\"widget\" data-widget_type=\"heading.default\">\n\t\t\t\t<div class=\"elementor-widget-container\">\n\t\t\t\t\t<h2 class=\"elementor-heading-title elementor-size-default\">1. general, scope of application:<\/h2>\t\t\t\t<\/div>\n\t\t\t\t<\/div>\n\t\t\t\t<div class=\"elementor-element elementor-element-de39038 elementor-widget elementor-widget-text-editor\" data-id=\"de39038\" data-element_type=\"widget\" data-e-type=\"widget\" data-widget_type=\"text-editor.default\">\n\t\t\t\t<div class=\"elementor-widget-container\">\n\t\t\t\t\t\t\t\t\tThese General Terms and Conditions (hereinafter referred to as GTC) govern the relationship between\nrelationship between VanMa Beauty GmbH (hereinafter referred to as \"VanMa Beauty\") and the customer.\nThese terms and conditions apply to all services and the sale of products that are concluded between\nbetween us and the customer. Our offers are subject to change and non-binding.\nWe reserve the right to make interim changes to the type and scope of treatments and prices.\nand prices. Treatments are available on request and by appointment to all persons of legal capacity aged\n18 years of age or older; for persons under the age of 18, the consent of their legal\nlegal representative is required. We make treatment recommendations, the decision on the type of treatment\ntreatment is made by the customer. We provide our services to the best of our knowledge and\nconscience and to the latest standards for the customer. Should there be any changes to treatments\nthe client will be informed before the start of treatment.\t\t\t\t\t\t\t\t<\/div>\n\t\t\t\t<\/div>\n\t\t\t\t<div class=\"elementor-element elementor-element-cfb682d elementor-widget elementor-widget-heading\" data-id=\"cfb682d\" data-element_type=\"widget\" data-e-type=\"widget\" data-widget_type=\"heading.default\">\n\t\t\t\t<div class=\"elementor-widget-container\">\n\t\t\t\t\t<h2 class=\"elementor-heading-title elementor-size-default\">2. appointments<\/h2>\t\t\t\t<\/div>\n\t\t\t\t<\/div>\n\t\t\t\t<div class=\"elementor-element elementor-element-2d1b17b elementor-widget elementor-widget-text-editor\" data-id=\"2d1b17b\" data-element_type=\"widget\" data-e-type=\"widget\" data-widget_type=\"text-editor.default\">\n\t\t\t\t<div class=\"elementor-widget-container\">\n\t\t\t\t\t\t\t\t\t<p>Registrations for appointments are binding (verbally, by telephone, WhatsApp, e-mail or via online booking).<\/p>\n<h5>Cancel or postpone appointments<\/h5>\n<p>Should the customer need to postpone or cancel an appointment, this must be notified at least 24\nhours in advance, as the treatment time is reserved for the client.\nAppointment cancellations or postponements notified less than 24 hours before the treatment will be\nwill be charged at 50% unless VanMa Beauty is able to reallocate the available appointment time.\ncannot allocate the free appointment elsewhere. Appointment cancellations can be made in person, by telephone or in writing\n(WhatsApp or e-mail).\n<\/p>\n\n<h5>Missed appointments<\/h5>\n<p>Unexcused and missed appointments will be charged at 100%.\n<\/p>\n\n<h5>Late appearance<\/h5>\n<p>VanMa Beauty asks for your understanding that a delay on the part of the customer may affect the duration of the\ntreatment if the duration of the treatment must be completed on time due to a subsequent\nappointment must be completed on time. However, the full amount of the treatment is\nis owed.<\/p>\t\t\t\t\t\t\t\t<\/div>\n\t\t\t\t<\/div>\n\t\t\t\t<div class=\"elementor-element elementor-element-d07050b elementor-widget elementor-widget-heading\" data-id=\"d07050b\" data-element_type=\"widget\" data-e-type=\"widget\" data-widget_type=\"heading.default\">\n\t\t\t\t<div class=\"elementor-widget-container\">\n\t\t\t\t\t<h2 class=\"elementor-heading-title elementor-size-default\">3. prices and terms of payment <\/h2>\t\t\t\t<\/div>\n\t\t\t\t<\/div>\n\t\t\t\t<div class=\"elementor-element elementor-element-81e827d elementor-widget elementor-widget-text-editor\" data-id=\"81e827d\" data-element_type=\"widget\" data-e-type=\"widget\" data-widget_type=\"text-editor.default\">\n\t\t\t\t<div class=\"elementor-widget-container\">\n\t\t\t\t\t\t\t\t\tPrices are subject to change. Unless otherwise agreed, the prices valid at the time of\nof the treatment apply. These can be found on our website. All prices quoted\nprices (treatments and goods for sale) include the statutory value added tax.\nThe treatment costs and product purchases are to be paid immediately after completion of the treatment.\npaid immediately. Subscriptions are payable after completion of the first treatment. Refunds\ndue to price adjustments are excluded.\t\t\t\t\t\t\t\t<\/div>\n\t\t\t\t<\/div>\n\t\t\t\t<div class=\"elementor-element elementor-element-557af63 elementor-widget elementor-widget-heading\" data-id=\"557af63\" data-element_type=\"widget\" data-e-type=\"widget\" data-widget_type=\"heading.default\">\n\t\t\t\t<div class=\"elementor-widget-container\">\n\t\t\t\t\t<h2 class=\"elementor-heading-title elementor-size-default\">4. vouchers <\/h2>\t\t\t\t<\/div>\n\t\t\t\t<\/div>\n\t\t\t\t<div class=\"elementor-element elementor-element-2466311 elementor-widget elementor-widget-text-editor\" data-id=\"2466311\" data-element_type=\"widget\" data-e-type=\"widget\" data-widget_type=\"text-editor.default\">\n\t\t\t\t<div class=\"elementor-widget-container\">\n\t\t\t\t\t\t\t\t\t<p>a) All vouchers are to be regarded as value vouchers, redeemable on all services and products offered. <\/p><p>b) Vouchers are valid for 24 months from the date of issue. Payment of the voucher amount is not possible. <\/p><p>c) Vouchers are fully transferable. When they are redeemed, they become our property again.  Lost or stolen vouchers will not be replaced, even if the receipt is presented.<\/p>\t\t\t\t\t\t\t\t<\/div>\n\t\t\t\t<\/div>\n\t\t\t\t<div class=\"elementor-element elementor-element-ac45e0f elementor-widget elementor-widget-heading\" data-id=\"ac45e0f\" data-element_type=\"widget\" data-e-type=\"widget\" data-widget_type=\"heading.default\">\n\t\t\t\t<div class=\"elementor-widget-container\">\n\t\t\t\t\t<h2 class=\"elementor-heading-title elementor-size-default\">5 Complaints and right of return <\/h2>\t\t\t\t<\/div>\n\t\t\t\t<\/div>\n\t\t\t\t<div class=\"elementor-element elementor-element-d62efa1 elementor-widget elementor-widget-text-editor\" data-id=\"d62efa1\" data-element_type=\"widget\" data-e-type=\"widget\" data-widget_type=\"text-editor.default\">\n\t\t\t\t<div class=\"elementor-widget-container\">\n\t\t\t\t\t\t\t\t\tComplaints can be reported up to 3 days after the treatment. This must be done in writing or in person.<br\/>\nProducts will not be taken back. This does not apply to products that are clearly and demonstrably incompatible or have a faulty function.\t\t\t\t\t\t\t\t<\/div>\n\t\t\t\t<\/div>\n\t\t\t\t<div class=\"elementor-element elementor-element-a6303a6 elementor-widget elementor-widget-heading\" data-id=\"a6303a6\" data-element_type=\"widget\" data-e-type=\"widget\" data-widget_type=\"heading.default\">\n\t\t\t\t<div class=\"elementor-widget-container\">\n\t\t\t\t\t<h2 class=\"elementor-heading-title elementor-size-default\">6. durability varnish manicure and pedicure, gel varnish manicure and pedicure <\/h2>\t\t\t\t<\/div>\n\t\t\t\t<\/div>\n\t\t\t\t<div class=\"elementor-element elementor-element-be5518c elementor-widget elementor-widget-text-editor\" data-id=\"be5518c\" data-element_type=\"widget\" data-e-type=\"widget\" data-widget_type=\"text-editor.default\">\n\t\t\t\t<div class=\"elementor-widget-container\">\n\t\t\t\t\t\t\t\t\tThe customer must bear in mind that various external factors can have an influence on durability.\ncan have. For this reason, no guarantee can be given for the durability of lacquer &amp; gel polish.\ncan be given. Factors are for example: Water, washing hands a lot, cleaning agents,\nchemicals, housework. Swimming in a chlorine bath\/sea, sand, etc. can also have a negative\ndurability. \t\t\t\t\t\t\t\t<\/div>\n\t\t\t\t<\/div>\n\t\t\t\t<div class=\"elementor-element elementor-element-e99ace3 elementor-widget elementor-widget-heading\" data-id=\"e99ace3\" data-element_type=\"widget\" data-e-type=\"widget\" data-widget_type=\"heading.default\">\n\t\t\t\t<div class=\"elementor-widget-container\">\n\t\t\t\t\t<h2 class=\"elementor-heading-title elementor-size-default\">7. data protection <\/h2>\t\t\t\t<\/div>\n\t\t\t\t<\/div>\n\t\t\t\t<div class=\"elementor-element elementor-element-c7f8875 elementor-widget elementor-widget-text-editor\" data-id=\"c7f8875\" data-element_type=\"widget\" data-e-type=\"widget\" data-widget_type=\"text-editor.default\">\n\t\t\t\t<div class=\"elementor-widget-container\">\n\t\t\t\t\t\t\t\t\t<p>The protection of your privacy is of the utmost importance to us. We adhere to the\nlegal provisions on data protection, in particular the Swiss Data Protection Act\nData Protection Act (DSG).<p\/>\n\n<p>As a customer, you have the option at any time to request information about the data stored about your organization, company\norganization, company or person (scope, purpose) or to request its deletion.\nrequest their deletion. Your data will not be passed on to third parties.\n<p\/>\t\t\t\t\t\t\t\t<\/div>\n\t\t\t\t<\/div>\n\t\t\t\t<div class=\"elementor-element elementor-element-f267663 elementor-widget elementor-widget-heading\" data-id=\"f267663\" data-element_type=\"widget\" data-e-type=\"widget\" data-widget_type=\"heading.default\">\n\t\t\t\t<div class=\"elementor-widget-container\">\n\t\t\t\t\t<h2 class=\"elementor-heading-title elementor-size-default\">8. final provisions <\/h2>\t\t\t\t<\/div>\n\t\t\t\t<\/div>\n\t\t\t\t<div class=\"elementor-element elementor-element-768ca2a elementor-widget elementor-widget-text-editor\" data-id=\"768ca2a\" data-element_type=\"widget\" data-e-type=\"widget\" data-widget_type=\"text-editor.default\">\n\t\t\t\t<div class=\"elementor-widget-container\">\n\t\t\t\t\t\t\t\t\t<p>8.1 VanMa Beauty GmbH reserves the right to unilaterally amend these GTC.<\/p><p>8.2 Text, images and graphics, as well as their arrangement on this website, are protected by copyright and other protective laws. The content of this website may not be copied, distributed, modified or made accessible to third parties for commercial purposes.  The website also contains images that are subject to third-party copyright. <\/p><p>8.3 This website has been compiled with the greatest possible care. Nevertheless, we cannot guarantee the correctness and accuracy of the information it contains. You exclude any liability for damages arising directly or indirectly from the use of this website.<\/p>\t\t\t\t\t\t\t\t<\/div>\n\t\t\t\t<\/div>\n\t\t\t\t<div class=\"elementor-element elementor-element-58e3796 elementor-widget elementor-widget-heading\" data-id=\"58e3796\" data-element_type=\"widget\" data-e-type=\"widget\" data-widget_type=\"heading.default\">\n\t\t\t\t<div class=\"elementor-widget-container\">\n\t\t\t\t\t<h2 class=\"elementor-heading-title elementor-size-default\">9. severability clause <\/h2>\t\t\t\t<\/div>\n\t\t\t\t<\/div>\n\t\t\t\t<div class=\"elementor-element elementor-element-cb23e4f elementor-widget elementor-widget-text-editor\" data-id=\"cb23e4f\" data-element_type=\"widget\" data-e-type=\"widget\" data-widget_type=\"text-editor.default\">\n\t\t\t\t<div class=\"elementor-widget-container\">\n\t\t\t\t\t\t\t\t\tShould individual provisions of these GTC be invalid in whole or in part, the validity of the\nvalidity of the remaining provisions shall remain unaffected. In place of the invalid provisions\nthe respective statutory provisions shall come into force. \t\t\t\t\t\t\t\t<\/div>\n\t\t\t\t<\/div>\n\t\t\t\t<div class=\"elementor-element elementor-element-18fe292 elementor-widget elementor-widget-heading\" data-id=\"18fe292\" data-element_type=\"widget\" data-e-type=\"widget\" data-widget_type=\"heading.default\">\n\t\t\t\t<div class=\"elementor-widget-container\">\n\t\t\t\t\t<h2 class=\"elementor-heading-title elementor-size-default\">10. place of jurisdiction <\/h2>\t\t\t\t<\/div>\n\t\t\t\t<\/div>\n\t\t\t\t<div class=\"elementor-element elementor-element-ceb7799 elementor-widget elementor-widget-text-editor\" data-id=\"ceb7799\" data-element_type=\"widget\" data-e-type=\"widget\" data-widget_type=\"text-editor.default\">\n\t\t\t\t<div class=\"elementor-widget-container\">\n\t\t\t\t\t\t\t\t\t<p>All obligations arising from the contractual relationship are subject to Swiss law. <\/p><p>The place of jurisdiction for all legal disputes arising from the contractual relationship and its creation and effectiveness shall be Kilchberg ZH, the registered office of VanMa Beauty GmbH.<\/p><p>The place of jurisdiction for any legal disputes arising from all contractual relationships as well as their origin and validity shall be Kilchberg ZH, the registered office of VanMa Beauty GmbH. <\/p><p>Status of the general terms and conditions: 01.07.2025<\/p>\t\t\t\t\t\t\t\t<\/div>\n\t\t\t\t<\/div>\n\t\t\t\t\t<\/div>\n\t\t<\/div>\n\t\t\t\t\t<\/div>\n\t\t<\/section>\n\t\t\t\t<\/div>","protected":false},"excerpt":{"rendered":"<p>ALLGEMEINE GESCH\u00c4FTSBEDINGUNGEN 1. Allgemeines, Geltungsbereich: Die vorliegenden allgemeinen Gesch\u00e4ftsbedingungen (nachfolgend AGB genannt) regeln das Verh\u00e4ltnis zwischen der VanMa Beauty GmbH (nachfolgend \u00abVanMa Beauty\u00bb) und den Kunden. Diese Bedingungen betreffen alle Dienstleistungen und den Verkauf von Produkten, die zwischen uns und dem Kunden zustande kommen. Unsere Angebote sind freibleibend und unverbindlich. Wir behalten zwischenzeitliche \u00c4nderungen in [&hellip;]<\/p>\n","protected":false},"author":7,"featured_media":0,"parent":0,"menu_order":0,"comment_status":"closed","ping_status":"closed","template":"elementor_header_footer","meta":{"footnotes":""},"class_list":["post-9198","page","type-page","status-publish","hentry"],"_links":{"self":[{"href":"https:\/\/vanmabeauty.ch\/en\/wp-json\/wp\/v2\/pages\/9198","targetHints":{"allow":["GET"]}}],"collection":[{"href":"https:\/\/vanmabeauty.ch\/en\/wp-json\/wp\/v2\/pages"}],"about":[{"href":"https:\/\/vanmabeauty.ch\/en\/wp-json\/wp\/v2\/types\/page"}],"author":[{"embeddable":true,"href":"https:\/\/vanmabeauty.ch\/en\/wp-json\/wp\/v2\/users\/7"}],"replies":[{"embeddable":true,"href":"https:\/\/vanmabeauty.ch\/en\/wp-json\/wp\/v2\/comments?post=9198"}],"version-history":[{"count":4,"href":"https:\/\/vanmabeauty.ch\/en\/wp-json\/wp\/v2\/pages\/9198\/revisions"}],"predecessor-version":[{"id":11356,"href":"https:\/\/vanmabeauty.ch\/en\/wp-json\/wp\/v2\/pages\/9198\/revisions\/11356"}],"wp:attachment":[{"href":"https:\/\/vanmabeauty.ch\/en\/wp-json\/wp\/v2\/media?parent=9198"}],"curies":[{"name":"wp","href":"https:\/\/api.w.org\/{rel}","templated":true}]}}